{"id":851,"date":"2019-08-01T16:02:22","date_gmt":"2019-08-01T20:02:22","guid":{"rendered":"https:\/\/dev.surplus2d.com\/privacy-policy\/"},"modified":"2019-08-19T18:34:35","modified_gmt":"2019-08-19T22:34:35","slug":"politique-de-confidentialite","status":"publish","type":"page","link":"https:\/\/www.surplus2d.com\/fr\/politique-de-confidentialite\/","title":{"rendered":"Politique de confidentialit\u00e9"},"content":{"rendered":"\n<h1 class=\"wp-block-heading\">Politique de confidentialit\u00e9<\/h1>\n\n\n\n<p>Cette politique de confidentialit\u00e9 explique comment Surplus2D Ltee utilise et prot\u00e8ge toutes les informations que vous donnez \u00e0 Surplus2D Ltee lorsque vous utilisez ce site Web. Surplus2D Ltee s&rsquo;engage \u00e0 garantir la protection de votre vie priv\u00e9e. Si nous vous demandons de fournir certaines informations par lesquelles vous pouvez \u00eatre identifi\u00e9 lors de l&rsquo;utilisation de ce site Web, vous pouvez \u00eatre assur\u00e9 qu&rsquo;elles ne seront utilis\u00e9es que conform\u00e9ment \u00e0 la pr\u00e9sente d\u00e9claration de confidentialit\u00e9. Surplus2D Ltee peut changer cette politique de temps \u00e0 autre en mettant \u00e0 jour cette page. Vous devriez consulter cette page de temps en temps pour vous assurer que vous \u00eates satisfait de tout changement. Cette politique est en vigueur depuis le 1er janvier 2008.<\/p>\n\n\n\n<h2 class=\"wp-block-heading\">Utilisation des informations personnelles<\/h2>\n\n\n\n<p>Les informations personnelles comprennent votre nom, votre adresse, votre num\u00e9ro de t\u00e9l\u00e9phone et votre adresse \u00e9lectronique.<\/p>\n\n\n\n<p>Nous pouvons utiliser vos informations personnelles \u00e0 diff\u00e9rentes fins, telles que r\u00e9pondre \u00e0 des demandes de produits, de services ou d&rsquo;informations; fournir un service \u00e0 la client\u00e8le; administrer des concours ou des promotions; proposer de nouveaux produits et services; mesurer et am\u00e9liorer l&rsquo;efficacit\u00e9 de nos sites Web ou de nos strat\u00e9gies de marketing; et adapter nos offres \u00e0 vos pr\u00e9f\u00e9rences.<\/p>\n\n\n\n<p>Nous pouvons \u00e9galement collecter et r\u00e9sumer les informations client dans un format qui n&rsquo;identifie plus l&rsquo;individu \u00e0 des fins statistiques.<\/p>\n\n\n\n<h2 class=\"wp-block-heading\">Utilisation d&rsquo;informations non personnelles<\/h2>\n\n\n\n<p>Comme de nombreux autres sites Web, nous accumulons automatiquement certaines informations non personnelles concernant les utilisateurs du site Web qui ne vous identifient pas. Les exemples incluent l&rsquo;adresse IP (Internet Protocol) de votre ordinateur, l&rsquo;adresse IP de votre fournisseur de services Internet, la date et l&rsquo;heure de votre acc\u00e8s au site Web, l&rsquo;adresse Internet du site Web \u00e0 partir duquel vous vous \u00eates connect\u00e9 directement au site Web, le syst\u00e8me d&rsquo;exploitation que vous utilisez, les sections du site Web que vous visitez, les pages du site Web lues et les images visionn\u00e9es, ainsi que le contenu que vous t\u00e9l\u00e9chargez du site Web.<\/p>\n\n\n\n<p>Ces informations non personnelles sont utilis\u00e9es \u00e0 des fins d&rsquo;administration et d\u2019optimisation du syst\u00e8me et du syst\u00e8me site Web.<\/p>\n\n\n\n<p>Nous pouvons \u00e9galement utiliser des informations non personnelles pour \u00e9tablir des rapports de suivi sur les donn\u00e9es d\u00e9mographiques des utilisateurs du site Web, les caract\u00e9ristiques de trafic du site Web et les achats sur le site Web, puis fournir ces rapports aux publicitaires et \u00e0 d\u2019autres parties. Aucune des informations de suivi contenues dans les rapports ne peut \u00eatre li\u00e9e aux identit\u00e9s ou autres informations personnelles d&rsquo;utilisateurs individuels. Nous pouvons \u00e9galement associer des informations de suivi \u00e0 des informations personnelles fournies volontairement par les utilisateurs du site Web. Une fois qu&rsquo;un tel lien est \u00e9tabli, toutes les informations li\u00e9es sont trait\u00e9es comme des informations personnelles et ne seront utilis\u00e9es et divulgu\u00e9es que conform\u00e9ment \u00e0 la pr\u00e9sente politique.<\/p>\n\n\n\n<h2 class=\"wp-block-heading\">Consentement implicite<\/h2>\n\n\n\n<p>Dans certains cas, votre consentement est implicite si nous vous demandons de fournir des informations personnelles avec un objectif d\u00e9clar\u00e9. Par exemple, nous ne pouvons livrer le produit que vous avez achet\u00e9 que si vous nous fournissez votre adresse et votre num\u00e9ro de t\u00e9l\u00e9phone.<\/p>\n\n\n\n<p>Nous ne vendrons jamais vos renseignements personnels. Toutefois, nous pouvons partager vos informations avec des tiers agissant en notre nom, par exemple, \u00e0 un service de livraison, \u00e0 un service de r\u00e9paration de produit, etc., ou tel que permis ou requis par la loi.<\/p>\n\n\n\n<h2 class=\"wp-block-heading\">Consentement explicite<\/h2>\n\n\n\n<p>Dans d&rsquo;autres cas, nous vous demanderons de nous donner votre consentement explicite pour utiliser vos informations personnelles afin de vous informer de produits ou de services susceptibles de vous int\u00e9resser. Vous pouvez toujours refuser que vos informations soient utilis\u00e9es \u00e0 cette fin. Par exemple, lorsque vous vous abonnez \u00e0 notre bulletin d\u2019information, nous consid\u00e9rons que vous nous avez donn\u00e9 votre consentement explicite pour vous envoyer des informations promotionnelles. Vous pouvez toujours d\u00e9cider de vous d\u00e9sabonner. Chaque courriel que nous vous envoyons vous dira comment refuser d&rsquo;autres courriels.<\/p>\n\n\n\n<p>Pour tenir compte des modifications de notre service, de la technologie et des d\u00e9veloppements juridiques, cette Politique pourrait \u00e9voluer avec le temps. N&rsquo;h\u00e9sitez pas \u00e0 nous contacter si vous avez des questions \u00e0 propos de cette politique.<\/p>\n\n\n\n<p>Nous vendons du mat\u00e9riel usag\u00e9. N&rsquo;OUBLIEZ PAS, VOUS ACHETEZ DES ARTICLES VENDUS TEL QUEL, sauf si indication contraire.<\/p>\n\n\n\n<h2 class=\"wp-block-heading\">Effectuer une commande<\/h2>\n\n\n\n<p>Les commandes sont valid\u00e9es d\u00e8s la r\u00e9ception du paiement. Chaque commande de produit implique que l&rsquo;acheteur accepte les pr\u00e9sentes conditions g\u00e9n\u00e9rales, sans aucune restriction ni exception. Lorsque l&rsquo;acheteur enregistre sa commande, il est consid\u00e9r\u00e9 comme ayant lu, compris et accept\u00e9 les pr\u00e9sentes conditions g\u00e9n\u00e9rales sans restriction, ainsi que les prix, volumes et quantit\u00e9s des produits propos\u00e9s \u00e0 la vente et command\u00e9s par ce dernier.<\/p>\n\n\n\n<p>Une fois que vous avez choisi votre mode de paiement, vous devez payer votre commande, qui finalise l\u00e9galement le contrat d\u2019achat conclu avec www.surplus2d.com. Surplus 2D se r\u00e9serve le droit d&rsquo;annuler toute commande pass\u00e9e par un client avec lequel existerait un litige relatif au paiement d&rsquo;une commande pass\u00e9e.<\/p>\n\n\n\n<h2 class=\"wp-block-heading\">Paiement, tarification et promotions<\/h2>\n\n\n\n<p>L&rsquo;acheteur est responsable des frais d&rsquo;exp\u00e9dition, d&rsquo;assurance, de manutention, de douane, de courtage et des taxes gouvernementales. Tous les frais deviennent la responsabilit\u00e9 totale de l&rsquo;acheteur. Les douanes am\u00e9ricaines exigent des soci\u00e9t\u00e9s am\u00e9ricaines qu&rsquo;elles fournissent un num\u00e9ro IRS ou un num\u00e9ro d&rsquo;identification fiscale f\u00e9d\u00e9rale &#8230; Les particuliers peuvent \u00eatre tenus de fournir un num\u00e9ro de s\u00e9curit\u00e9 sociale. Les frais d&rsquo;exp\u00e9dition et les frais d&rsquo;exp\u00e9dition de retour ne sont pas remboursables (sauf convention contraire).<\/p>\n\n\n\n<p>Les ch\u00e8ques personnels et d\u2019entreprise sont retenus pendant 14 jours ouvrables. Les paiements en esp\u00e8ces seront accept\u00e9s uniquement par courrier recommand\u00e9. Nous n\u2019acceptons pas les paiements \u00e0 la livraison.<\/p>\n","protected":false},"excerpt":{"rendered":"<p>Politique de confidentialit\u00e9 Cette politique de confidentialit\u00e9 explique comment Surplus2D Ltee utilise et prot\u00e8ge toutes les informations que vous donnez \u00e0 Surplus2D Ltee lorsque vous utilisez ce site Web. Surplus2D Ltee s&rsquo;engage \u00e0 garantir la<\/p>\n","protected":false},"author":1,"featured_media":0,"parent":0,"menu_order":0,"comment_status":"closed","ping_status":"closed","template":"","meta":{"footnotes":""},"class_list":["post-851","page","type-page","status-publish","hentry"],"yoast_head":"<!-- This site is optimized with the Yoast SEO plugin v27.0 - https:\/\/yoast.com\/product\/yoast-seo-wordpress\/ -->\n<title>Politique de confidentialit\u00e9 - Surplus 2D<\/title>\n<meta name=\"robots\" content=\"index, follow, max-snippet:-1, max-image-preview:large, max-video-preview:-1\" \/>\n<link rel=\"canonical\" href=\"https:\/\/www.surplus2d.com\/fr\/politique-de-confidentialite\/\" \/>\n<meta property=\"og:locale\" content=\"fr_FR\" \/>\n<meta property=\"og:type\" content=\"article\" \/>\n<meta property=\"og:title\" content=\"Politique de confidentialit\u00e9 - Surplus 2D\" \/>\n<meta property=\"og:description\" content=\"Politique de confidentialit\u00e9 Cette politique de confidentialit\u00e9 explique comment Surplus2D Ltee utilise et prot\u00e8ge toutes les informations que vous donnez \u00e0 Surplus2D Ltee lorsque vous utilisez ce site Web. Surplus2D Ltee s&rsquo;engage \u00e0 garantir la\" \/>\n<meta property=\"og:url\" content=\"https:\/\/www.surplus2d.com\/fr\/politique-de-confidentialite\/\" \/>\n<meta property=\"og:site_name\" content=\"Surplus 2D\" \/>\n<meta property=\"article:modified_time\" content=\"2019-08-19T22:34:35+00:00\" \/>\n<script type=\"application\/ld+json\" class=\"yoast-schema-graph\">{\"@context\":\"https:\/\/schema.org\",\"@graph\":[{\"@type\":\"WebPage\",\"@id\":\"https:\/\/www.surplus2d.com\/fr\/politique-de-confidentialite\/\",\"url\":\"https:\/\/www.surplus2d.com\/fr\/politique-de-confidentialite\/\",\"name\":\"Politique de confidentialit\u00e9 - Surplus 2D\",\"isPartOf\":{\"@id\":\"https:\/\/www.surplus2d.com\/fr\/#website\"},\"datePublished\":\"2019-08-01T20:02:22+00:00\",\"dateModified\":\"2019-08-19T22:34:35+00:00\",\"breadcrumb\":{\"@id\":\"https:\/\/www.surplus2d.com\/fr\/politique-de-confidentialite\/#breadcrumb\"},\"inLanguage\":\"fr-FR\",\"potentialAction\":[{\"@type\":\"ReadAction\",\"target\":[\"https:\/\/www.surplus2d.com\/fr\/politique-de-confidentialite\/\"]}]},{\"@type\":\"BreadcrumbList\",\"@id\":\"https:\/\/www.surplus2d.com\/fr\/politique-de-confidentialite\/#breadcrumb\",\"itemListElement\":[{\"@type\":\"ListItem\",\"position\":1,\"name\":\"Accueil\",\"item\":\"https:\/\/www.surplus2d.com\/fr\/\"},{\"@type\":\"ListItem\",\"position\":2,\"name\":\"Politique de confidentialit\u00e9\"}]},{\"@type\":\"WebSite\",\"@id\":\"https:\/\/www.surplus2d.com\/fr\/#website\",\"url\":\"https:\/\/www.surplus2d.com\/fr\/\",\"name\":\"Surplus 2D\",\"description\":\"\",\"potentialAction\":[{\"@type\":\"SearchAction\",\"target\":{\"@type\":\"EntryPoint\",\"urlTemplate\":\"https:\/\/www.surplus2d.com\/fr\/?s={search_term_string}\"},\"query-input\":{\"@type\":\"PropertyValueSpecification\",\"valueRequired\":true,\"valueName\":\"search_term_string\"}}],\"inLanguage\":\"fr-FR\"}]}<\/script>\n<!-- \/ Yoast SEO plugin. -->","yoast_head_json":{"title":"Politique de confidentialit\u00e9 - Surplus 2D","robots":{"index":"index","follow":"follow","max-snippet":"max-snippet:-1","max-image-preview":"max-image-preview:large","max-video-preview":"max-video-preview:-1"},"canonical":"https:\/\/www.surplus2d.com\/fr\/politique-de-confidentialite\/","og_locale":"fr_FR","og_type":"article","og_title":"Politique de confidentialit\u00e9 - Surplus 2D","og_description":"Politique de confidentialit\u00e9 Cette politique de confidentialit\u00e9 explique comment Surplus2D Ltee utilise et prot\u00e8ge toutes les informations que vous donnez \u00e0 Surplus2D Ltee lorsque vous utilisez ce site Web. Surplus2D Ltee s&rsquo;engage \u00e0 garantir la","og_url":"https:\/\/www.surplus2d.com\/fr\/politique-de-confidentialite\/","og_site_name":"Surplus 2D","article_modified_time":"2019-08-19T22:34:35+00:00","schema":{"@context":"https:\/\/schema.org","@graph":[{"@type":"WebPage","@id":"https:\/\/www.surplus2d.com\/fr\/politique-de-confidentialite\/","url":"https:\/\/www.surplus2d.com\/fr\/politique-de-confidentialite\/","name":"Politique de confidentialit\u00e9 - Surplus 2D","isPartOf":{"@id":"https:\/\/www.surplus2d.com\/fr\/#website"},"datePublished":"2019-08-01T20:02:22+00:00","dateModified":"2019-08-19T22:34:35+00:00","breadcrumb":{"@id":"https:\/\/www.surplus2d.com\/fr\/politique-de-confidentialite\/#breadcrumb"},"inLanguage":"fr-FR","potentialAction":[{"@type":"ReadAction","target":["https:\/\/www.surplus2d.com\/fr\/politique-de-confidentialite\/"]}]},{"@type":"BreadcrumbList","@id":"https:\/\/www.surplus2d.com\/fr\/politique-de-confidentialite\/#breadcrumb","itemListElement":[{"@type":"ListItem","position":1,"name":"Accueil","item":"https:\/\/www.surplus2d.com\/fr\/"},{"@type":"ListItem","position":2,"name":"Politique de confidentialit\u00e9"}]},{"@type":"WebSite","@id":"https:\/\/www.surplus2d.com\/fr\/#website","url":"https:\/\/www.surplus2d.com\/fr\/","name":"Surplus 2D","description":"","potentialAction":[{"@type":"SearchAction","target":{"@type":"EntryPoint","urlTemplate":"https:\/\/www.surplus2d.com\/fr\/?s={search_term_string}"},"query-input":{"@type":"PropertyValueSpecification","valueRequired":true,"valueName":"search_term_string"}}],"inLanguage":"fr-FR"}]}},"_links":{"self":[{"href":"https:\/\/www.surplus2d.com\/fr\/wp-json\/wp\/v2\/pages\/851","targetHints":{"allow":["GET"]}}],"collection":[{"href":"https:\/\/www.surplus2d.com\/fr\/wp-json\/wp\/v2\/pages"}],"about":[{"href":"https:\/\/www.surplus2d.com\/fr\/wp-json\/wp\/v2\/types\/page"}],"author":[{"embeddable":true,"href":"https:\/\/www.surplus2d.com\/fr\/wp-json\/wp\/v2\/users\/1"}],"replies":[{"embeddable":true,"href":"https:\/\/www.surplus2d.com\/fr\/wp-json\/wp\/v2\/comments?post=851"}],"version-history":[{"count":0,"href":"https:\/\/www.surplus2d.com\/fr\/wp-json\/wp\/v2\/pages\/851\/revisions"}],"wp:attachment":[{"href":"https:\/\/www.surplus2d.com\/fr\/wp-json\/wp\/v2\/media?parent=851"}],"curies":[{"name":"wp","href":"https:\/\/api.w.org\/{rel}","templated":true}]}}